{"id":52,"date":"2020-09-21T11:57:30","date_gmt":"2020-09-21T10:57:30","guid":{"rendered":"https:\/\/greenwichtax.co.uk\/?page_id=52"},"modified":"2021-10-07T13:40:46","modified_gmt":"2021-10-07T12:40:46","slug":"tax-residency-determination","status":"publish","type":"page","link":"https:\/\/greenwichtax.co.uk\/fr\/determiner-votre-residence-fiscal\/","title":{"rendered":"D\u00e9terminer votre domicile fiscal"},"content":{"rendered":"<div class=\"is-layout-flex wp-container-4 wp-block-columns\">\n<div class=\"is-layout-flow wp-block-column\">\n<p>Les r\u00e8gles pour d\u00e9terminer la r\u00e9sidence fiscale en France et au Royaume-Uni ne sont pas les m\u00eames. Si vous envisagez de d\u00e9m\u00e9nager de la France ou du Royaume-Uni pour aller vivre, travailler, \u00e9tudier ou prendre votre retraite dans l'autre pays, m\u00eame temporairement, la question de la r\u00e9sidence fiscale devient cruciale.<\/p>\n\n\n\n<p><strong>Pourquoi est-il important d'\u00eatre s\u00fbr de votre r\u00e9sidence fiscale?<\/strong><\/p>\n\n\n\n<p>Tant que vous n'avez pas \u00e9tabli votre r\u00e9sidence fiscale, vous ne pouvez pas \u00eatre s\u00fbr de payer le bon montant d'imp\u00f4t dans le bon pays. Cependant, les r\u00e8gles \u00e9tant diff\u00e9rentes d'un pays \u00e0 l'autre, la d\u00e9termination du domicile fiscal est une question souvent plus complexe que l\u2019on pourrait penser.<\/p>\n\n\n\n<p>Cette complexit\u00e9 est encore augment\u00e9e par le fait qu'il est tout \u00e0 fait possible d'\u00eatre r\u00e9sident fiscal dans plus d'un pays \u00e0 la fois.<\/p>\n<\/div>\n\n\n\n<div class=\"is-layout-flow wp-block-column\">\n<p>En \u00e9tablissant votre r\u00e9sidence fiscale de fa\u00e7on erron\u00e9e, vous risquez de payer trop d'imp\u00f4ts dans un pays et peu sont ceux qui feraient un tel choix. Inversement, vous ne payerez peut-\u00eatre pas assez d'imp\u00f4ts dans un autre pays. Ceci peut s'av\u00e9rer tr\u00e8s co\u00fbteux non seulement financi\u00e8rement, en raison d\u2019\u00e9ventuelles p\u00e9nalit\u00e9s, mais aussi en termes de temps et d'\u00e9nergie lorsque vous devrez corriger les choses, parfois des ann\u00e9es apr\u00e8s les faits. De plus en plus de pays coordonnent et partagent des informations sur les contribuables, ce qui signifie que les chances que ce type d'erreur (d\u00e9lib\u00e9r\u00e9e ou non) soit d\u00e9tect\u00e9 augmentent.<\/p>\n\n\n\n<p>La convention fiscale entre la France et le Royaume-Uni supprime normalement la double imposition, mais trouver la bonne voie dans le processus pour arriver au r\u00e9sultat souhait\u00e9 n'est pas \u00e9vident.<\/p>\n\n\n\n<p>N\u2019h\u00e9sitez pas \u00e0 nous contacter si vous avez besoin de conseils sur votre statut de r\u00e9sidence fiscale au Royaume-Uni ou en France.<\/p>\n<\/div>\n<\/div>","protected":false},"excerpt":{"rendered":"<p>UK &amp; French tax residency rules are different. If you are a UK or French citizen and are considering or have already moved from one country to go and live, work, study or retire, in the other country, even temporarily, the question of tax residence becomes crucial. Why is it important to be sure of [&hellip;]<\/p>\n","protected":false},"author":1,"featured_media":0,"parent":0,"menu_order":0,"comment_status":"closed","ping_status":"closed","template":"","meta":[],"_links":{"self":[{"href":"https:\/\/greenwichtax.co.uk\/fr\/wp-json\/wp\/v2\/pages\/52"}],"collection":[{"href":"https:\/\/greenwichtax.co.uk\/fr\/wp-json\/wp\/v2\/pages"}],"about":[{"href":"https:\/\/greenwichtax.co.uk\/fr\/wp-json\/wp\/v2\/types\/page"}],"author":[{"embeddable":true,"href":"https:\/\/greenwichtax.co.uk\/fr\/wp-json\/wp\/v2\/users\/1"}],"replies":[{"embeddable":true,"href":"https:\/\/greenwichtax.co.uk\/fr\/wp-json\/wp\/v2\/comments?post=52"}],"version-history":[{"count":0,"href":"https:\/\/greenwichtax.co.uk\/fr\/wp-json\/wp\/v2\/pages\/52\/revisions"}],"wp:attachment":[{"href":"https:\/\/greenwichtax.co.uk\/fr\/wp-json\/wp\/v2\/media?parent=52"}],"curies":[{"name":"wp","href":"https:\/\/api.w.org\/{rel}","templated":true}]}}