{"id":50,"date":"2020-09-21T11:56:54","date_gmt":"2020-09-21T10:56:54","guid":{"rendered":"https:\/\/greenwichtax.co.uk\/?page_id=50"},"modified":"2020-09-26T20:19:08","modified_gmt":"2020-09-26T19:19:08","slug":"services-fees","status":"publish","type":"page","link":"https:\/\/greenwichtax.co.uk\/fr\/services-honoraires\/","title":{"rendered":"Nos services et honoraires"},"content":{"rendered":"<h2>Parmi nos services :<\/h2>\n\n\n\n<p>La d\u00e9claration de revenus - UK. Nous pouvons vous assister, que vous habitiez au Royaume-Uni ou en France.<\/p>\n\n\n\n<p>Les d\u00e9clarations fiscales - France. Nous pouvons vous assister dans la d\u00e9claration de revenus ou d'imp\u00f4t sur la fortune immobili\u00e8re, que vous habitiez en France ou au Royaume-Uni.<\/p>\n\n\n\n<p class=\"translation-block\"><a href=\"https:\/\/frenchtax.co.uk\/individuals\/\" target=\"_blank\" rel=\"noreferrer noopener\">frenchtax.co.uk for individuals<\/a>, a French tax information subscription site in English.<\/p>\n\n\n\n<h2>Conseil sp\u00e9cialiste sur divers sujets :<\/h2>\n\n\n\n<ul><li>Installation au Royaume-Uni ou en France<\/li><li>D\u00e9terminer votre domicile fiscal au Royaume-Uni ou en France<\/li><li>La double r\u00e9sidence et la double taxation pour les expatri\u00e9s<\/li><li>Mise en location d'un logement situ\u00e9 au Royaume-Uni ou en France<\/li><li>Vente d'un bien immobilier au Royaume-Uni ou en France et optimisation de l'imp\u00f4t sur les plus-values<\/li><li>La question de la s\u00e9curit\u00e9 sociale au Royaume-Uni et en France<\/li><\/ul>\n\n\n\n<h2>Nos honoraires<\/h2>\n\n\n\n<p>Dans la majorit\u00e9 des cas, et dans un objectif de transparence, nos services sont factur\u00e9s sur la base d'honoraires fixes pour \u00e9viter les surprises. Dans le cas o\u00f9 nous devrions faire un travail suppl\u00e9mentaire, vous serez consult\u00e9 au pr\u00e9alable afin de nous mettre d'accord sur un prix.<\/p>\n\n\n\n<p>Nos honoraires sont payables d'avance. Les honoraires pour les services r\u00e9currents peuvent \u00eatre pay\u00e9s en plusieurs versements.<\/p>","protected":false},"excerpt":{"rendered":"<p>Our services include: Personal income tax returns &#8211; UK. We can provide this service for UK citizens living in the UK or France or French citizens who are living in the UK. Personal tax returns \u2013 France. We can help you with you personal income tax or wealth tax returns\u00a0 whether you live in the [&hellip;]<\/p>\n","protected":false},"author":1,"featured_media":0,"parent":0,"menu_order":0,"comment_status":"closed","ping_status":"closed","template":"","meta":[],"_links":{"self":[{"href":"https:\/\/greenwichtax.co.uk\/fr\/wp-json\/wp\/v2\/pages\/50"}],"collection":[{"href":"https:\/\/greenwichtax.co.uk\/fr\/wp-json\/wp\/v2\/pages"}],"about":[{"href":"https:\/\/greenwichtax.co.uk\/fr\/wp-json\/wp\/v2\/types\/page"}],"author":[{"embeddable":true,"href":"https:\/\/greenwichtax.co.uk\/fr\/wp-json\/wp\/v2\/users\/1"}],"replies":[{"embeddable":true,"href":"https:\/\/greenwichtax.co.uk\/fr\/wp-json\/wp\/v2\/comments?post=50"}],"version-history":[{"count":0,"href":"https:\/\/greenwichtax.co.uk\/fr\/wp-json\/wp\/v2\/pages\/50\/revisions"}],"wp:attachment":[{"href":"https:\/\/greenwichtax.co.uk\/fr\/wp-json\/wp\/v2\/media?parent=50"}],"curies":[{"name":"wp","href":"https:\/\/api.w.org\/{rel}","templated":true}]}}