{"id":48,"date":"2020-09-21T11:55:46","date_gmt":"2020-09-21T10:55:46","guid":{"rendered":"https:\/\/greenwichtax.co.uk\/?page_id=48"},"modified":"2021-10-07T13:59:02","modified_gmt":"2021-10-07T12:59:02","slug":"personal-tax-return-uk","status":"publish","type":"page","link":"https:\/\/greenwichtax.co.uk\/fr\/declaration-de-revenus-uk\/","title":{"rendered":"D\u00e9claration de revenus UK"},"content":{"rendered":"<div class=\"is-layout-flex wp-container-5 wp-block-columns\">\n<div class=\"is-layout-flow wp-block-column\">\n<p>Au Royaume-Uni, un dispositif de pr\u00e9l\u00e8vement \u00e0 la source existe depuis longtemps (PAYE - Pay As You Earn), obligeant les employeurs \u00e0 retenir l'imp\u00f4t sur le revenu sur le salaire de leurs employ\u00e9s. Dans la majorit\u00e9 des cas, les int\u00e9r\u00eats et dividendes re\u00e7us par les contribuables n'atteignent pas un niveau imposable. Pour ces raisons, la plupart des contribuables ne sont pas oblig\u00e9s de remplir une d\u00e9claration de revenus. Vous pouvez avoir \u00e0 remplir une d\u00e9claration si vous vous trouvez dans l'un des cas suivants :<\/p>\n\n\n\n<ul><li>Vous \u00eates fiscalement domicili\u00e9 au Royaume-Uni et recevez des revenus fonciers.<\/li><li>Vous \u00eates fiscalement domicili\u00e9 au Royaume-Uni et b\u00e9n\u00e9ficiez de revenus mobiliers importants.<\/li><li>Vous \u00eates un entrepreneur fiscalement domicili\u00e9 au Royaume-Uni.<\/li><li>Vous avez d\u00e9gag\u00e9 une plus-value en vendant un bien immobilier ou des capitaux mobiliers.<\/li><li>Vous \u00eates fiscalement domicili\u00e9 au Royaume-Uni et recevez des revenus \u00e9trangers ou des plus-values \u00e9trang\u00e8res.<\/li><li>Vous n'\u00eates pas fiscalement domicili\u00e9 au Royaume-Uni mais vous recevez des revenus de source britannique par exemple au titre d'un travail effectu\u00e9 sur le sol britannique, ou bien sous forme de loyers sur un bien immobilier situ\u00e9 au Royaume-Uni.<\/li><\/ul>\n\n\n\n<p>L'ann\u00e9e fiscale britannique court du 6 avril d'une ann\u00e9e au 5 avril de l'ann\u00e9e suivante. La date limite pour le d\u00e9p\u00f4t de la d\u00e9claration de revenus est le 31 octobre suivant (d\u00e9claration papier) ou le 31 janvier suivant (d\u00e9claration en ligne).<\/p>\n<\/div>\n\n\n\n<div class=\"is-layout-flow wp-block-column\">\n<p>Nos honoraires sont d\u00e9termin\u00e9s en fonction du niveau de service, de l'assistance dont vous avez besoin et de la complexit\u00e9 de votre situation personnelle. Notre calculatrice vous donnera une estimation de notre prix pour la pr\u00e9paration de votre d\u00e9claration fiscale.&nbsp;<a href=\"https:\/\/greenwichtax.co.uk\/fr\/income-tax-uk-fee-calculator\/\">Calculateur d'honoraires - d\u00e9claration de revenus UK<\/a><\/p>\n\n\n\n<hr class=\"wp-block-separator is-style-wide\"\/>\n\n\n\n<p>NB : ce calculateur n\u2019est destin\u00e9 \u00e0 vous donner qu\u2019une estimation de nos honoraires. Nous vous invitons \u00e0 nous contacter pour un devis d\u00e9finitif.<\/p>\n\n\n\n<div class=\"is-layout-flex wp-block-buttons\"><\/div>\n<\/div>\n<\/div>","protected":false},"excerpt":{"rendered":"<p>Most UK residents do not need to complete a personal tax return because their employer collects the right amount of tax directly from their salary and their investment income is below the taxable thresholds. You may have to complete a personal UK tax return if you fall into one of the following categories: UK resident [&hellip;]<\/p>\n","protected":false},"author":1,"featured_media":0,"parent":0,"menu_order":0,"comment_status":"closed","ping_status":"closed","template":"","meta":[],"_links":{"self":[{"href":"https:\/\/greenwichtax.co.uk\/fr\/wp-json\/wp\/v2\/pages\/48"}],"collection":[{"href":"https:\/\/greenwichtax.co.uk\/fr\/wp-json\/wp\/v2\/pages"}],"about":[{"href":"https:\/\/greenwichtax.co.uk\/fr\/wp-json\/wp\/v2\/types\/page"}],"author":[{"embeddable":true,"href":"https:\/\/greenwichtax.co.uk\/fr\/wp-json\/wp\/v2\/users\/1"}],"replies":[{"embeddable":true,"href":"https:\/\/greenwichtax.co.uk\/fr\/wp-json\/wp\/v2\/comments?post=48"}],"version-history":[{"count":0,"href":"https:\/\/greenwichtax.co.uk\/fr\/wp-json\/wp\/v2\/pages\/48\/revisions"}],"wp:attachment":[{"href":"https:\/\/greenwichtax.co.uk\/fr\/wp-json\/wp\/v2\/media?parent=48"}],"curies":[{"name":"wp","href":"https:\/\/api.w.org\/{rel}","templated":true}]}}