{"id":46,"date":"2020-09-21T11:55:17","date_gmt":"2020-09-21T10:55:17","guid":{"rendered":"https:\/\/greenwichtax.co.uk\/?page_id=46"},"modified":"2021-10-24T09:30:42","modified_gmt":"2021-10-24T08:30:42","slug":"personal-tax-accountant-uk","status":"publish","type":"page","link":"https:\/\/greenwichtax.co.uk\/fr\/conseil-fiscal-uk\/","title":{"rendered":"Conseil fiscal franco-britannique"},"content":{"rendered":"<div class=\"is-layout-flex wp-container-4 wp-block-columns\">\n<div class=\"is-layout-flow wp-block-column\">\n<h2>Vous cherchez un conseil sp\u00e9cifique ?<\/h2>\n\n\n\n<p>La situation personnelle d\u2019un grand nombre de nos clients entra\u00eene une obligation fiscale \u00e0 la fois en France et en Angleterre. Ce sera votre cas si vous d\u00e9m\u00e9nagez votre domicile de France au Royaume-Uni pour des raisons professionnelles ou si vous vivez au Royaume-Uni mais d\u00e9tenez un bien immobilier en France.<\/p>\n\n\n\n<p>Les questions que vous devez vous posez dans ces situations concernent :<\/p>\n\n\n\n<ul><li>Les r\u00e8gles de r\u00e9sidence fiscale au Royaume-Uni<\/li><li>Les r\u00e8gles de r\u00e9sidence fiscale en France<\/li><li>La double r\u00e9sidence et le r\u00f4le que joue la convention fiscale franco-britannique<\/li><li>La double imposition (comment l\u2019\u00e9viter)<\/li><li>L'incidence fiscale en France et au Royaume-Uni de la mise en location d\u2019un logement<\/li><li>Les cons\u00e9quences fiscales en France et au Royaume-Uni de la vente d'un bien immobilier<\/li><li>Les cotisations sociales et l'acc\u00e8s \u00e0 la s\u00e9curit\u00e9 sociale<\/li><li>Les droits de succession et de donation dans les deux pays<\/li><\/ul>\n<\/div>\n\n\n\n<div class=\"is-layout-flow wp-block-column\">\n<h2>Sp\u00e9cialistes en fiscalit\u00e9 britannique et fran\u00e7aise<\/h2>\n\n\n\n<p>Kehinde Dauda est un expert-comptable bilingue anglais-fran\u00e7ais, dipl\u00f4m\u00e9 \u00e0 la fois en Angleterre et en France.&nbsp;<\/p>\n\n\n\n<p>Il poss\u00e8de une connaissance et une exp\u00e9rience peu communes de la fiscalit\u00e9 des deux pays lui permettant de prendre en consid\u00e9ration les effets d\u00e9savantageux que pourraient avoir dans un pays des d\u00e9cisions prises dans l'autre.<\/p>\n\n\n\n<p><\/p>\n<\/div>\n<\/div>","protected":false},"excerpt":{"rendered":"<p>Do you need personalised tax advice? Many of our clients\u2019 affairs mean that they straddle both French and UK tax regimes. This might be because they are moving from the UK to France, they are moving from France to the UK, they live in the UK but own property in France or they live in [&hellip;]<\/p>\n","protected":false},"author":1,"featured_media":0,"parent":0,"menu_order":0,"comment_status":"closed","ping_status":"closed","template":"","meta":[],"_links":{"self":[{"href":"https:\/\/greenwichtax.co.uk\/fr\/wp-json\/wp\/v2\/pages\/46"}],"collection":[{"href":"https:\/\/greenwichtax.co.uk\/fr\/wp-json\/wp\/v2\/pages"}],"about":[{"href":"https:\/\/greenwichtax.co.uk\/fr\/wp-json\/wp\/v2\/types\/page"}],"author":[{"embeddable":true,"href":"https:\/\/greenwichtax.co.uk\/fr\/wp-json\/wp\/v2\/users\/1"}],"replies":[{"embeddable":true,"href":"https:\/\/greenwichtax.co.uk\/fr\/wp-json\/wp\/v2\/comments?post=46"}],"version-history":[{"count":0,"href":"https:\/\/greenwichtax.co.uk\/fr\/wp-json\/wp\/v2\/pages\/46\/revisions"}],"wp:attachment":[{"href":"https:\/\/greenwichtax.co.uk\/fr\/wp-json\/wp\/v2\/media?parent=46"}],"curies":[{"name":"wp","href":"https:\/\/api.w.org\/{rel}","templated":true}]}}