{"id":33,"date":"2020-09-21T11:31:51","date_gmt":"2020-09-21T10:31:51","guid":{"rendered":"https:\/\/greenwichtax.co.uk\/?page_id=33"},"modified":"2021-10-07T13:54:18","modified_gmt":"2021-10-07T12:54:18","slug":"french-tax-advice-in-english","status":"publish","type":"page","link":"https:\/\/greenwichtax.co.uk\/fr\/declarations-fiscales-france\/","title":{"rendered":"D\u00e9clarations fiscales en France"},"content":{"rendered":"<div class=\"is-layout-flex wp-container-4 wp-block-columns\">\n<div class=\"is-layout-flow wp-block-column\">\n<p class=\"translation-block\">En France, malgr\u00e9 l'introduction en France du pr\u00e9l\u00e8vement \u00e0 la source en 2019, les r\u00e9sidents fran\u00e7ais doivent toujours souscrire une d\u00e9claration de revenus. Quant aux non-r\u00e9sidents, ils se trouvent souvent oblig\u00e9s de souscrire une d\u00e9claration de revenus, par exemple parce qu'ils tirent des revenus d'un logement immobilier situ\u00e9 en France.<\/p>\n\n\n\n<p>Les foyers fiscaux avec un patrimoine immobilier net, d\u00e9tenu directement ou indirectement (par exemple sous forme de parts d\u00e9tenues dans une SCI) exc\u00e9dant le seuil de 1,3 million \u20ac sont redevables de l'imp\u00f4t sur la fortune immobili\u00e8re (IFI). Les non-r\u00e9sidents sont redevables de l'IFI au titre de leur patrimoine immobilier situ\u00e9 en France. Les biens immobiliers sont d\u00e9clar\u00e9s normalement sur la d\u00e9claration de revenus si vous en avez \u00e0 d\u00e9clarer. Si vous \u00eates non-r\u00e9sident sans aucun revenu de source fran\u00e7aise, vous devez remplir un formulaire sp\u00e9cifique pour l'IFI.<\/p>\n\n\n\n<p> Fort d'une exp\u00e9rience de plus de 20 ans dans la fiscalit\u00e9 fran\u00e7aise, Kehinde Dauda est en mesure de vous assister dans vos d\u00e9clarations fiscales en France.  <\/p>\n<\/div>\n\n\n\n<div class=\"is-layout-flow wp-block-column\">\n<p>Nos honoraires sont d\u00e9termin\u00e9s en fonction du niveau de service, de l'assistance dont vous avez besoin et de la complexit\u00e9 de votre situation personnelle. Notre calculateur en ligne vous donnera une estimation de notre tarif pour la pr\u00e9paration de votre d\u00e9claration fiscale. <a href=\"https:\/\/greenwichtax.co.uk\/fr\/french-tax-fee-calculator\/\" target=\"_blank\" rel=\"noreferrer noopener\">Calculateur d'honoraires - d\u00e9claration de revenus en France<\/a><\/p>\n\n\n\n<hr class=\"wp-block-separator\"\/>\n\n\n\n<p>NB : ce calculateur n\u2019est destin\u00e9 \u00e0 vous donner qu\u2019une estimation de nos honoraires. Nous vous invitons \u00e0 nous contacter pour un devis d\u00e9finitif.<\/p>\n<\/div>\n<\/div>","protected":false},"excerpt":{"rendered":"<p>Although a new pay as you earn (pr\u00e9l\u00e8vement \u00e0 la source) system has been introduced in France in 2019, most French residents are still required to submit a French tax return. Non-French residents are required to submit a French tax return usually because they receive rental income from a French property. Taxpayers who own real [&hellip;]<\/p>\n","protected":false},"author":1,"featured_media":0,"parent":0,"menu_order":0,"comment_status":"closed","ping_status":"closed","template":"","meta":[],"_links":{"self":[{"href":"https:\/\/greenwichtax.co.uk\/fr\/wp-json\/wp\/v2\/pages\/33"}],"collection":[{"href":"https:\/\/greenwichtax.co.uk\/fr\/wp-json\/wp\/v2\/pages"}],"about":[{"href":"https:\/\/greenwichtax.co.uk\/fr\/wp-json\/wp\/v2\/types\/page"}],"author":[{"embeddable":true,"href":"https:\/\/greenwichtax.co.uk\/fr\/wp-json\/wp\/v2\/users\/1"}],"replies":[{"embeddable":true,"href":"https:\/\/greenwichtax.co.uk\/fr\/wp-json\/wp\/v2\/comments?post=33"}],"version-history":[{"count":0,"href":"https:\/\/greenwichtax.co.uk\/fr\/wp-json\/wp\/v2\/pages\/33\/revisions"}],"wp:attachment":[{"href":"https:\/\/greenwichtax.co.uk\/fr\/wp-json\/wp\/v2\/media?parent=33"}],"curies":[{"name":"wp","href":"https:\/\/api.w.org\/{rel}","templated":true}]}}