{"id":33,"date":"2020-09-21T11:31:51","date_gmt":"2020-09-21T10:31:51","guid":{"rendered":"https:\/\/greenwichtax.co.uk\/?page_id=33"},"modified":"2021-10-07T13:54:18","modified_gmt":"2021-10-07T12:54:18","slug":"french-tax-advice-in-english","status":"publish","type":"page","link":"https:\/\/greenwichtax.co.uk\/en\/french-tax-advice-in-english\/","title":{"rendered":"French tax advice in English"},"content":{"rendered":"\n<div class=\"is-layout-flex wp-container-4 wp-block-columns\">\n<div class=\"is-layout-flow wp-block-column\">\n<p>Although a new pay as you earn (<em>pr\u00e9l\u00e8vement \u00e0 la source<\/em>) system has been introduced in France in 2019, most French residents are still required to submit a French tax return. Non-French residents are required to submit a French tax return usually because they receive rental income from a French property.<\/p>\n\n\n\n<p>Taxpayers who own real estate property either directly or indirectly (e.g. through shares, funds, trusts) worth more than \u20ac1.3million net of allowable loans are liable to the real estate wealth tax. For non-French residents, the \u20ac1.3million threshold applies only to property located in France. This is declared on the usual French income tax return if you also have French income. If you are non-French resident without any French income, there is a separate standalone wealth tax return that you will need to complete.<\/p>\n\n\n\n<p> Kehinde Dauda has had over 20 years\u2019 experience of dealing with the French tax \u2013 completing forms and dealing with the French tax authorities. Many of our clients appreciate that they receive French tax advice in English.  <\/p>\n<\/div>\n\n\n\n<div class=\"is-layout-flow wp-block-column\">\n<p>Greenwich Tax Services offer different levels of service and fees, depending on the amount of help or advice you need and the complexity of your circumstances.\u00a0 Our accountancy fee calculator will give you an estimate of our fees for preparing a French tax return. <a href=\"https:\/\/greenwichtax.co.uk\/french-tax-fee-calculator\/\" target=\"_blank\" rel=\"noreferrer noopener\">Fee estimate calculator &#8211; French tax<\/a><\/p>\n\n\n\n<hr class=\"wp-block-separator\"\/>\n\n\n\n<p>Please note: our fee estimate calculator is a service we offer so clients can have an idea of the level of fee they can expect. Please get in touch with us directly for a firm quote.<\/p>\n<\/div>\n<\/div>\n","protected":false},"excerpt":{"rendered":"<p>Although a new pay as you earn (pr\u00e9l\u00e8vement \u00e0 la source) system has been introduced in France in 2019, most French residents are still required to submit a French tax return. Non-French residents are required to submit a French tax return usually because they receive rental income from a French property. Taxpayers who own real [&hellip;]<\/p>\n","protected":false},"author":1,"featured_media":0,"parent":0,"menu_order":0,"comment_status":"closed","ping_status":"closed","template":"","meta":[],"_links":{"self":[{"href":"https:\/\/greenwichtax.co.uk\/en\/wp-json\/wp\/v2\/pages\/33"}],"collection":[{"href":"https:\/\/greenwichtax.co.uk\/en\/wp-json\/wp\/v2\/pages"}],"about":[{"href":"https:\/\/greenwichtax.co.uk\/en\/wp-json\/wp\/v2\/types\/page"}],"author":[{"embeddable":true,"href":"https:\/\/greenwichtax.co.uk\/en\/wp-json\/wp\/v2\/users\/1"}],"replies":[{"embeddable":true,"href":"https:\/\/greenwichtax.co.uk\/en\/wp-json\/wp\/v2\/comments?post=33"}],"version-history":[{"count":0,"href":"https:\/\/greenwichtax.co.uk\/en\/wp-json\/wp\/v2\/pages\/33\/revisions"}],"wp:attachment":[{"href":"https:\/\/greenwichtax.co.uk\/en\/wp-json\/wp\/v2\/media?parent=33"}],"curies":[{"name":"wp","href":"https:\/\/api.w.org\/{rel}","templated":true}]}}